{"id":2834,"date":"2023-09-08T17:01:57","date_gmt":"2023-09-08T15:01:57","guid":{"rendered":"https:\/\/esteldargent.com\/?post_type=product&#038;p=2834"},"modified":"2023-12-14T11:19:09","modified_gmt":"2023-12-14T10:19:09","slug":"cava-brut-nature-ecologic-guarda-superior-%c2%b7-gran-reserva","status":"publish","type":"product","link":"https:\/\/esteldargent.com\/es\/producto\/cava-brut-nature-ecologic-guarda-superior-%c2%b7-gran-reserva\/","title":{"rendered":"CAVA BRUT NATURE<br\/> ECOL\u00d2GIC<br\/> GUARDA SUPERIOR \u00b7<br\/> GRAN RESERVA"},"content":{"rendered":"<h2>Uva<\/h2>\n<p>A partir de las variedades de uva Xarel.lo, Macabeu y Parellada de vi\u00f1edos en cultivo\necol\u00f3gico de m\u00e1s de 20 a\u00f1os, vendimiadas a mano, realizamos el prensado a baja presi\u00f3n y\ncon un tiempo prudencial, obteniendo un mosto flor de primera calidad.<\/p>\n<h2>Elaboraci\u00f3n del vino<\/h2>\n<p>La fermentaci\u00f3n del mosto es a baja temperatura (15\u00baC) y se realiza con levaduras aut\u00f3ctonas procedentes de las pieles de las uvas. Dura entre 14 y 20 d\u00edas. Estas levaduras aportan unos aromas y una tipicidad propia al vino, que lo caracteriza.<\/p>\n<h2>Coupage<\/h2>\n<p>El coupage procede de la mezcla de los diferentes vinos obtenidos por separado de las tres variedades donde siempre predomina el vino de xarel.lo, que es el m\u00e1s id\u00f3neo para elaborar este cava y le otorga una peculiaridad\nespecial.<\/p>\n<h2>Elaboraci\u00f3n del cava<\/h2>\n<p>M\u00ednimo de 40 meses en botella en el interior\nde la cava a una temperatura siempre constante para envejecer correctamente.<\/p>\n<h2>Datos t\u00e9cnicos<\/h2>\n<p><strong>Alcohol<\/strong>: 11,5 % vol.<br \/>\n<strong>Acidez total<\/strong>: 3,70 g\/l<br \/>\n<strong>Sulfur\u00f3so total<\/strong>: &lt;60 mg\/l<br \/>\n<strong>Az\u00facares<\/strong>: &lt;3 g\/l<br \/>\n<strong>pH<\/strong>: 3,15<\/p>\n<h2>Variedades<\/h2>\n<p>XAREL\u00b7LO 65 %<br \/>\nMACABEU 20 %<br \/>\nVINO DE RESERVA 5 %<br \/>\nPARELLADA 10 %<\/p>\n<h2>Nota de cata<\/h2>\n<p><strong>ASPECTO<\/strong>: Color dorado claro, con matices verdosos, burbuja elegante y persistente.<br \/>\n<strong>NARIZ<\/strong>: Tiene aromas complejos, aparecen notas de fruta madura, manzana, membrillo, frutos secos y tonos de pasteler\u00eda.<br \/>\n<strong>PALADAR<\/strong>: En boca es fresco, cremoso, y al mismo tiempo,\nequilibrado. Tiene un final peculiar de cava de larga crianza por su correcto envejecimiento.<\/p>","protected":false},"excerpt":{"rendered":"<p>A partir de las variedades de uva Xarel.lo, Macabeu y Parellada de vi\u00f1edos en cultivo\necol\u00f3gico de m\u00e1s de 20 a\u00f1os, vendimiadas a mano, realizamos el prensado a baja presi\u00f3n y\ncon un tiempo prudencial, obteniendo un mosto flor de primera calidad.<\/p>","protected":false},"featured_media":2886,"comment_status":"closed","ping_status":"closed","template":"","meta":[],"product_cat":[43],"product_tag":[],"acf":[],"_links":{"self":[{"href":"https:\/\/esteldargent.com\/es\/wp-json\/wp\/v2\/product\/2834"}],"collection":[{"href":"https:\/\/esteldargent.com\/es\/wp-json\/wp\/v2\/product"}],"about":[{"href":"https:\/\/esteldargent.com\/es\/wp-json\/wp\/v2\/types\/product"}],"replies":[{"embeddable":true,"href":"https:\/\/esteldargent.com\/es\/wp-json\/wp\/v2\/comments?post=2834"}],"wp:featuredmedia":[{"embeddable":true,"href":"https:\/\/esteldargent.com\/es\/wp-json\/wp\/v2\/media\/2886"}],"wp:attachment":[{"href":"https:\/\/esteldargent.com\/es\/wp-json\/wp\/v2\/media?parent=2834"}],"wp:term":[{"taxonomy":"product_cat","embeddable":true,"href":"https:\/\/esteldargent.com\/es\/wp-json\/wp\/v2\/product_cat?post=2834"},{"taxonomy":"product_tag","embeddable":true,"href":"https:\/\/esteldargent.com\/es\/wp-json\/wp\/v2\/product_tag?post=2834"}],"curies":[{"name":"wp","href":"https:\/\/api.w.org\/{rel}","templated":true}]}}