{"id":2832,"date":"2023-09-08T16:53:27","date_gmt":"2023-09-08T14:53:27","guid":{"rendered":"https:\/\/esteldargent.com\/?post_type=product&#038;p=2832"},"modified":"2023-09-14T12:48:47","modified_gmt":"2023-09-14T10:48:47","slug":"cava-brut-nature-ecologic-guarda-superior-%c2%b7-reserva-375cl","status":"publish","type":"product","link":"https:\/\/esteldargent.com\/es\/producto\/cava-brut-nature-ecologic-guarda-superior-%c2%b7-reserva-375cl\/","title":{"rendered":"CAVA BRUT NATURE ECOL\u00d3GICO 37.5 cl GUARDA SUPERIOR \u00b7 RESERVA"},"content":{"rendered":"<h2>Uva<\/h2>\n<p>A partir de las variedades de uva Macabeu, Xarel.lo y Parellada de vi\u00f1edos en cultivo ecol\u00f3gico de m\u00e1s de 20 a\u00f1os, vendimiadas a mano, realizamos el prensado a baja presi\u00f3n y con un tiempo prudencial, obteniendo un mosto flor de primera calidad.<\/p>\n<h2>Elaboraci\u00f3n del vino<\/h2>\n<p>La fermentaci\u00f3n del mosto es a baja temperatura (15\u00baC) y se realiza con levaduras aut\u00f3ctonas procedentes de las pieles de las uvas. Dura entre 14 y 20 d\u00edas. Estas levaduras aportan unos aromas y una tipicidad propia al vino, que lo caracteriza.<\/p>\n<h2>Coupage<\/h2>\n<p>El coupage procede de la mezcla de los diferentes\nvinos obtenidos por separado de las tres variedades,\npredominando el macabeu, que es el m\u00e1s id\u00f3neo\npara elaborar este cava. Con su crianza se convertir\u00e1\nen un gran producto.<\/p>\n<h2>Elaboraci\u00f3n del cava<\/h2>\n<p>Las botellas son arrimadas en las cavas subterr\u00e1neas donde realizan su crianza a una temperatura constante a 17 oC y se llevar\u00e1 a cabo la segunda fermentaci\u00f3n. A<br \/>\nconsecuencia del tama\u00f1o y morfolog\u00eda de las botellas, realizaremos el removido, es decir, el aclarado de botellas en pupitres.<\/p>\n<h2>Datos t\u00e9cnicos<\/h2>\n<p><strong>Alcohol<\/strong>: 11,5 % vol.<br \/>\n<strong>Acidez total<\/strong>: 3,8 g\/l<br \/>\n<strong>Sulfur\u00f3so total<\/strong>: &lt;60 mg\/l<br \/>\n<strong>Az\u00facares<\/strong>: &lt;3 g\/l<br \/>\n<strong>pH<\/strong>: 3,15<\/p>\n<h2>Variedades<\/h2>\n<p>MACABEU 60 %<br \/>\nXAREL.LO 20 %<br \/>\nPARELLADA 20 %<\/p>\n<h2>Nota de cata<\/h2>\n<p><strong>ASPECTO<\/strong>: Color dorado claro, destacan las finas y efervescentes burbujas, formando una corona estable.<br \/>\n<strong>NARIZ<\/strong>: Aroma agradable, intenso. Al principio aparecen\nnotas de frutas maduras, fondo floral. En el tiempo\nnos evoca ligeras notas de crianza, boller\u00eda.<br \/>\n<strong>PALADAR<\/strong>: Burbujas amables, que van unidas a una equilibrada\nacidez, es un cava fresco y cremoso al mismo\ntiempo. Final largo, con una destacada permanencia, dejando buenos recuerdos.<\/p>","protected":false},"excerpt":{"rendered":"<p>A partir de las variedades de uva Macabeu, Xarel.lo y Parellada de vi\u00f1edos en cultivo ecol\u00f3gico de m\u00e1s de 20 a\u00f1os, vendimiadas a mano, realizamos el prensado a baja presi\u00f3n y con un tiempo prudencial, obteniendo un mosto flor de primera calidad.<\/p>","protected":false},"featured_media":2884,"comment_status":"closed","ping_status":"closed","template":"","meta":[],"product_cat":[43],"product_tag":[],"acf":[],"_links":{"self":[{"href":"https:\/\/esteldargent.com\/es\/wp-json\/wp\/v2\/product\/2832"}],"collection":[{"href":"https:\/\/esteldargent.com\/es\/wp-json\/wp\/v2\/product"}],"about":[{"href":"https:\/\/esteldargent.com\/es\/wp-json\/wp\/v2\/types\/product"}],"replies":[{"embeddable":true,"href":"https:\/\/esteldargent.com\/es\/wp-json\/wp\/v2\/comments?post=2832"}],"wp:featuredmedia":[{"embeddable":true,"href":"https:\/\/esteldargent.com\/es\/wp-json\/wp\/v2\/media\/2884"}],"wp:attachment":[{"href":"https:\/\/esteldargent.com\/es\/wp-json\/wp\/v2\/media?parent=2832"}],"wp:term":[{"taxonomy":"product_cat","embeddable":true,"href":"https:\/\/esteldargent.com\/es\/wp-json\/wp\/v2\/product_cat?post=2832"},{"taxonomy":"product_tag","embeddable":true,"href":"https:\/\/esteldargent.com\/es\/wp-json\/wp\/v2\/product_tag?post=2832"}],"curies":[{"name":"wp","href":"https:\/\/api.w.org\/{rel}","templated":true}]}}