{"id":2829,"date":"2023-09-08T16:43:14","date_gmt":"2023-09-08T14:43:14","guid":{"rendered":"https:\/\/esteldargent.com\/?post_type=product&#038;p=2829"},"modified":"2023-09-14T12:48:51","modified_gmt":"2023-09-14T10:48:51","slug":"cava-brut-nature-%c2%b7-reserva","status":"publish","type":"product","link":"https:\/\/esteldargent.com\/es\/producto\/cava-brut-nature-%c2%b7-reserva\/","title":{"rendered":"CAVA BRUT NATURE \u00b7 RESERVA"},"content":{"rendered":"<h2>Uva<\/h2>\n<p>Las variedades de uva que se utilizan para la elaboraci\u00f3n del vino base para este cava son: Xarel.lo, Macabeu y Parellada.<\/p>\n<h2>Elaboraci\u00f3n del vino<\/h2>\n<p>El prensado se realiza mediante prensas neum\u00e1ticas hasta llegar a un rendimiento del 50 % del mosto. A la salida de prensa se realiza un desfangado est\u00e1tico, donde una vez el mosto est\u00e1 limpio se realizar\u00e1 la<br \/>\nfermentaci\u00f3n alcoh\u00f3lica entre 15\u00baC y 17\u00baC con levaduras seleccionadas.<\/p>\n<h2>Coupage<\/h2>\n<p>Vino de xarel.lo, macabeu, parellada y vino de reserva. Cada variedad se elabora de forma individual. Para redondear el coupage cada a\u00f1o utilizamos vino de reserva, de cosechas anteriores.<\/p>\n<h2>Elaboraci\u00f3n del cava<\/h2>\n<p>M\u00ednimo de 30 meses en botella en el interior de la cava a una temperatura siempre constante para envejecer correctamente.<\/p>\n<h2>Datos t\u00e9cnicos<\/h2>\n<p><strong>Alcohol<\/strong>: 11,5 % vol.<br \/>\n<strong>Acidez total<\/strong>: 3,75 g\/l<br \/>\n<strong>Sulfur\u00f3so total<\/strong>: 80 mg\/l<br \/>\n<strong>Az\u00facares<\/strong>: 1,5 g\/l<br \/>\n<strong>pH<\/strong>: 3,25<\/p>\n<h2>Nota de cata<\/h2>\n<p><strong>ASPECTO<\/strong>: Color oro y burbuja fina.<br \/>\n<strong>NARIZ<\/strong>: Fresco y limpio, con notas de hierbas arom\u00e1ticas, fruta blanca y ligeros toques de pasteler\u00eda, notas.<br \/>\n<strong>PALADAR<\/strong>: En boca es sabroso y franco, tiene un frescor inicial, un sabor de frutas blancas que crecen y contribuyen a la sensaci\u00f3n de persistencia, prolongando el placer.<\/p>","protected":false},"excerpt":{"rendered":"<p>Las variedades de uva que se utilizan para la elaboraci\u00f3n del vino base para este cava son: Xarel.lo, Macabeu y Parellada.<\/p>","protected":false},"featured_media":2885,"comment_status":"closed","ping_status":"closed","template":"","meta":[],"product_cat":[43],"product_tag":[],"acf":[],"_links":{"self":[{"href":"https:\/\/esteldargent.com\/es\/wp-json\/wp\/v2\/product\/2829"}],"collection":[{"href":"https:\/\/esteldargent.com\/es\/wp-json\/wp\/v2\/product"}],"about":[{"href":"https:\/\/esteldargent.com\/es\/wp-json\/wp\/v2\/types\/product"}],"replies":[{"embeddable":true,"href":"https:\/\/esteldargent.com\/es\/wp-json\/wp\/v2\/comments?post=2829"}],"wp:featuredmedia":[{"embeddable":true,"href":"https:\/\/esteldargent.com\/es\/wp-json\/wp\/v2\/media\/2885"}],"wp:attachment":[{"href":"https:\/\/esteldargent.com\/es\/wp-json\/wp\/v2\/media?parent=2829"}],"wp:term":[{"taxonomy":"product_cat","embeddable":true,"href":"https:\/\/esteldargent.com\/es\/wp-json\/wp\/v2\/product_cat?post=2829"},{"taxonomy":"product_tag","embeddable":true,"href":"https:\/\/esteldargent.com\/es\/wp-json\/wp\/v2\/product_tag?post=2829"}],"curies":[{"name":"wp","href":"https:\/\/api.w.org\/{rel}","templated":true}]}}