{"id":2503,"date":"2023-09-07T06:43:12","date_gmt":"2023-09-07T06:43:12","guid":{"rendered":"https:\/\/esteldargent.com\/?page_id=2503"},"modified":"2023-09-08T13:39:44","modified_gmt":"2023-09-08T11:39:44","slug":"mapa-web","status":"publish","type":"page","link":"https:\/\/esteldargent.com\/es\/mapa-web\/","title":{"rendered":"Mapa web"},"content":{"rendered":"<!-- Page-list plugin v.5.6 wordpress.org\/plugins\/page-list\/ -->\n<ul class=\"page-list\">\n<li class=\"page_item page-item-195 current_page_parent\"><a href=\"https:\/\/esteldargent.com\/es\/actualitat\/\">Actualidad<\/a><\/li>\n<li class=\"page_item page-item-2525\"><a href=\"https:\/\/esteldargent.com\/es\/aviso-legal\/\">Aviso legal<\/a><\/li>\n<li class=\"page_item page-item-1658\"><a href=\"https:\/\/esteldargent.com\/es\/club\/\">Club<\/a><\/li>\n<li class=\"page_item page-item-183\"><a href=\"https:\/\/esteldargent.com\/es\/contacte\/\">Contacto<\/a><\/li>\n<li class=\"page_item page-item-8\"><a href=\"https:\/\/esteldargent.com\/es\/el-meu-compte\/\">El meu compte<\/a><\/li>\n<li class=\"page_item page-item-341\"><a href=\"https:\/\/esteldargent.com\/es\/estel-dargent\/\">Estel D&#8217;Argent<\/a><\/li>\n<li class=\"page_item page-item-503\"><a href=\"https:\/\/esteldargent.com\/es\/galeria\/\">Galer\u00eda<\/a><\/li>\n<li class=\"page_item page-item-193\"><a href=\"https:\/\/esteldargent.com\/es\/\">Inici<\/a><\/li>\n<li class=\"page_item page-item-3147\"><a href=\"https:\/\/esteldargent.com\/es\/inici-espanol\/\">Inici &#8211; Espa\u00f1ol<\/a><\/li>\n<li class=\"page_item page-item-490\"><a href=\"https:\/\/esteldargent.com\/es\/les-nostres-vinyes\/\">Nuestras vi\u00f1as<\/a><\/li>\n<li class=\"page_item page-item-2503\"><a href=\"https:\/\/esteldargent.com\/es\/mapa-web\/\">Mapa web<\/a><\/li>\n<li class=\"page_item page-item-2521\"><a href=\"https:\/\/esteldargent.com\/es\/politica-de-cookies\/\">Pol\u00edtica de cookies<\/a><\/li>\n<li class=\"page_item page-item-2638\"><a href=\"https:\/\/esteldargent.com\/es\/politica-de-privacidad\/\">Pol\u00edtica de privacidad<\/a><\/li>\n<li class=\"page_item page-item-448\"><a href=\"https:\/\/esteldargent.com\/es\/resum-de-la-verema-2022\/\">Resumen de la vendimia 2022<\/a><\/li>\n<li class=\"page_item page-item-375 page_item_has_children\"><a href=\"https:\/\/esteldargent.com\/es\/vins-i-caves\/\">Vinos y Cavas<\/a>\n<ul class='children'>\n\t<li class=\"page_item page-item-2864\"><a href=\"https:\/\/esteldargent.com\/es\/vins-i-caves\/caves\/\">Cavas<\/a><\/li>\n\t<li class=\"page_item page-item-187\"><a href=\"https:\/\/esteldargent.com\/es\/vins-i-caves\/vins\/\">Vinos<\/a><\/li>\n<\/ul>\n<\/li>\n\n<\/ul>","protected":false},"excerpt":{"rendered":"Actualitat Aviso legal Club Contacte El meu compte Estel D&#8217;Argent Galeria Inici Inici &#8211; Espa\u00f1ol Les nostres vinyes Mapa web Pol\u00edtica de cookies Pol\u00edtica de privacidad Resum de la verema 2022 Vins i Caves Caves Vins","protected":false},"author":1,"featured_media":2544,"parent":0,"menu_order":0,"comment_status":"closed","ping_status":"closed","template":"","meta":{"footnotes":""},"acf":[],"_links":{"self":[{"href":"https:\/\/esteldargent.com\/es\/wp-json\/wp\/v2\/pages\/2503"}],"collection":[{"href":"https:\/\/esteldargent.com\/es\/wp-json\/wp\/v2\/pages"}],"about":[{"href":"https:\/\/esteldargent.com\/es\/wp-json\/wp\/v2\/types\/page"}],"author":[{"embeddable":true,"href":"https:\/\/esteldargent.com\/es\/wp-json\/wp\/v2\/users\/1"}],"replies":[{"embeddable":true,"href":"https:\/\/esteldargent.com\/es\/wp-json\/wp\/v2\/comments?post=2503"}],"version-history":[{"count":2,"href":"https:\/\/esteldargent.com\/es\/wp-json\/wp\/v2\/pages\/2503\/revisions"}],"predecessor-version":[{"id":2816,"href":"https:\/\/esteldargent.com\/es\/wp-json\/wp\/v2\/pages\/2503\/revisions\/2816"}],"wp:featuredmedia":[{"embeddable":true,"href":"https:\/\/esteldargent.com\/es\/wp-json\/wp\/v2\/media\/2544"}],"wp:attachment":[{"href":"https:\/\/esteldargent.com\/es\/wp-json\/wp\/v2\/media?parent=2503"}],"curies":[{"name":"wp","href":"https:\/\/api.w.org\/{rel}","templated":true}]}}