{"id":193,"date":"2016-03-10T10:44:30","date_gmt":"2016-03-10T10:44:30","guid":{"rendered":"http:\/\/okthemes.com\/villenoirdemonew\/?page_id=193"},"modified":"2024-07-09T09:31:25","modified_gmt":"2024-07-09T07:31:25","slug":"homepage-2-2-2-2","status":"publish","type":"page","link":"https:\/\/esteldargent.com\/es\/","title":{"rendered":"Inici"},"content":{"rendered":"<section class=\"wpb-content-wrapper\"><div data-vc-full-width=\"true\" data-vc-full-width-init=\"false\" data-vc-stretch-content=\"true\" class=\"vc_row wpb_row vc_row-fluid gg-force-background-left vc_custom_1617302572453 vc_row-has-fill vc_row-no-padding vc_row-o-equal-height vc_row-o-content-middle vc_row-flex\"><div class=\"wpb_column vc_column_container vc_col-sm-6 vc_col-lg-6 vc_col-md-6 vc_col-has-fill\"><div class=\"vc_column-inner  vc_custom_1694168837415\"><div class=\"wpb_wrapper\"><style>@media (max-width: 991px) {.spacer-1307253754 {height: 500px !important;}}<\/style><style>@media (max-width: 480px) {.spacer-1307253754 {height: 350px !important;}}<\/style><div class=\"vc_empty_space spacer-1307253754\"   style=\"height: 700px\"><span class=\"vc_empty_space_inner\"><\/span><\/div><\/div><\/div><\/div><div class=\"wpb_column vc_column_container vc_col-sm-6 vc_col-lg-6 vc_col-md-6\"><div class=\"vc_column-inner  vc_custom_1681203080700 vc_custom_1681203080700\"><div class=\"wpb_wrapper\">\n\t<div class=\"title-subtitle-box  vc_custom_1702470349255 vc_custom_1702470349255\" style=\" text-align: left;\">\n\t\t<p  style=\"\">HISTORIA Y OR\u00cdGENES<\/p>\n\t\t<h1 style=\" font-style: normal;\">Una generaci\u00f3n apasionada por la tierra y los vi\u00f1edos<\/h1>\n\t<\/div> \n\t<div class=\"wpb_text_column wpb_content_element\" >\n\t\t<div class=\"wpb_wrapper\">\n\t\t\t<p>Estel d\u2019Argent es la historia de una generaci\u00f3n apasionada por la tierra, los vi\u00f1edos y de un\nconstante inter\u00e9s en buscar la m\u00e1xima calidad y expresi\u00f3n del vino. Conectamos la tradici\u00f3n viticultora de generaciones con un presente que exige productos de alto grado de innovaci\u00f3n y originalidad para las nuevas tendencias del mercado.<\/p>\n<p>Es a partir del a\u00f1o 2009 cuando comenzamos a elaborar diferentes tipos de vinos y cavas con\nuna crianza m\u00ednima de 30 meses y vinos con t\u00e9cnicas de elaboraci\u00f3n tradicionales, combinadas\ncon la tecnolog\u00eda m\u00e1s avanzada.<\/p>\n\n\t\t<\/div>\n\t<\/div>\n<div class=\"vc_row wpb_row vc_inner vc_row-fluid vc_row-o-content-middle vc_row-flex\"><div class=\"wpb_column vc_column_container vc_col-sm-3\"><div class=\"vc_column-inner\"><div class=\"wpb_wrapper\">\n\t<div  class=\"wpb_single_image wpb_content_element vc_align_left  vc_custom_1694168763024\">\n\t\t\n\t\t<figure class=\"wpb_wrapper vc_figure\">\n\t\t\t<div class=\"vc_single_image-wrapper   vc_box_border_grey\"><img width=\"150\" height=\"150\" src=\"https:\/\/esteldargent.com\/wp-content\/uploads\/2023\/09\/estel2-removebg-preview-150x150.png\" class=\"vc_single_image-img attachment-thumbnail\" alt=\"\" decoding=\"async\" title=\"estel2-removebg-preview\" loading=\"lazy\" srcset=\"https:\/\/esteldargent.com\/wp-content\/uploads\/2023\/09\/estel2-removebg-preview-150x150.png 150w, https:\/\/esteldargent.com\/wp-content\/uploads\/2023\/09\/estel2-removebg-preview-300x300.png 300w, https:\/\/esteldargent.com\/wp-content\/uploads\/2023\/09\/estel2-removebg-preview-140x140.png 140w, https:\/\/esteldargent.com\/wp-content\/uploads\/2023\/09\/estel2-removebg-preview.png 500w\" sizes=\"(max-width: 150px) 100vw, 150px\" \/><\/div>\n\t\t<\/figure>\n\t<\/div>\n<\/div><\/div><\/div><div class=\"wpb_column vc_column_container vc_col-sm-9 vc_hidden-sm vc_hidden-xs\"><div class=\"vc_column-inner\"><div class=\"wpb_wrapper\"><div class=\"vc_btn3-container vc_btn3-center vc_custom_1702470564397\" ><a style=\"background-color:#000000; color:#ffffff;\" class=\"vc_general vc_btn3 vc_btn3-size-md vc_btn3-shape-square vc_btn3-style-custom\" href=\"https:\/\/esteldargent.com\/es\/les-nostres-vinyes\/\" title=\"Nuestras vi\u00f1as\">Descubrir<\/a><\/div><\/div><\/div><\/div><\/div><\/div><\/div><\/div><\/div><div class=\"vc_row-full-width vc_clearfix\"><\/div><div data-vc-full-width=\"true\" data-vc-full-width-init=\"false\" class=\"vc_row wpb_row vc_row-fluid vc_custom_1694169197659 vc_row-has-fill vc_row-o-content-middle vc_row-flex\"><div class=\"wpb_column vc_column_container vc_col-sm-6 vc_col-lg-6 vc_col-md-6\"><div class=\"vc_column-inner  vc_custom_1460628359633\"><div class=\"wpb_wrapper\">\n\t<div  class=\"wpb_single_image wpb_content_element vc_align_left  vc_custom_1694169047842\">\n\t\t\n\t\t<figure class=\"wpb_wrapper vc_figure\">\n\t\t\t<div class=\"vc_single_image-wrapper   vc_box_border_grey\"><img width=\"1500\" height=\"2299\" src=\"https:\/\/esteldargent.com\/wp-content\/uploads\/2023\/09\/current-release-181.png\" class=\"vc_single_image-img attachment-full\" alt=\"\" decoding=\"async\" title=\"current-release-181\" loading=\"lazy\" srcset=\"https:\/\/esteldargent.com\/wp-content\/uploads\/2023\/09\/current-release-181.png 1500w, https:\/\/esteldargent.com\/wp-content\/uploads\/2023\/09\/current-release-181-196x300.png 196w, https:\/\/esteldargent.com\/wp-content\/uploads\/2023\/09\/current-release-181-668x1024.png 668w, https:\/\/esteldargent.com\/wp-content\/uploads\/2023\/09\/current-release-181-768x1177.png 768w, https:\/\/esteldargent.com\/wp-content\/uploads\/2023\/09\/current-release-181-1002x1536.png 1002w, https:\/\/esteldargent.com\/wp-content\/uploads\/2023\/09\/current-release-181-1336x2048.png 1336w\" sizes=\"(max-width: 1500px) 100vw, 1500px\" \/><\/div>\n\t\t<\/figure>\n\t<\/div>\n<\/div><\/div><\/div><div class=\"wpb_column vc_column_container vc_col-sm-6 vc_col-lg-6 vc_col-md-6\"><div class=\"vc_column-inner  vc_custom_1681117794555 vc_custom_1681117794555\"><div class=\"wpb_wrapper\">\n\t<div class=\"title-subtitle-box  vc_custom_1694169117350 vc_custom_1694169117351 vc_custom_1694169117351\" style=\" margin-bottom:5px; text-align: left;\">\n\t\t<h2 style=\" font-style: normal;\">2023<\/h2>\n\t<\/div> \n\t<div class=\"title-subtitle-box  vc_custom_1694169179239 vc_custom_1694169179240 vc_custom_1694169179240\" style=\" margin-bottom:90px; text-align: left;\">\n\t\t<p  style=\"\">ESTEL D'ARGENT<\/p>\n\t\t<h1 style=\" font-style: normal;\">Vino Tinto<br \/>\nTradicional<\/h1>\n\t<\/div> \n\t<div class=\"wpb_text_column wpb_content_element  vc_custom_1694169223848\" >\n\t\t<div class=\"wpb_wrapper\">\n\t\t\t<p>Es un vino joven, con cuerpo y estructura que puede evolucionar bien en botella en los pr\u00f3ximos a\u00f1os.<\/p>\n<p>Lo elaboramos con cabernet Sauvignon porque es una variedad id\u00f3nea para este vino tinto joven pensado en poder realizar una larga crianza en botella.<\/p>\n\n\t\t<\/div>\n\t<\/div>\n<div class=\"vc_btn3-container vc_btn3-inline vc_custom_1702470295493\" ><a style=\"background-color:#b0976d; color:#ffffff;\" class=\"vc_general vc_btn3 vc_btn3-size-md vc_btn3-shape-square vc_btn3-style-custom\" href=\"https:\/\/esteldargent.com\/es\/contacte\/\" title=\"Contactar\">Contactar<\/a><\/div><div class=\"vc_btn3-container vc_btn3-inline vc_custom_1694171938428\" ><a style=\"background-color:#000000; color:#ffffff;\" class=\"vc_general vc_btn3 vc_btn3-size-md vc_btn3-shape-square vc_btn3-style-custom\" href=\"https:\/\/esteldargent.com\/es\/vins-i-caves\/vins\/\" title=\"Vinos\">Cat\u00e1logo<\/a><\/div>\n\t<div class=\"wpb_text_column wpb_content_element  vc_custom_1708077842370\" >\n\t\t<div class=\"wpb_wrapper\">\n\t\t\t<p>\u00bfTienes dudas? Habla con un especialista:<br \/>\n<a href=\"tel:34677182347\">+34 677 182 347<\/a>.<\/p>\n\n\t\t<\/div>\n\t<\/div>\n<\/div><\/div><\/div><\/div><div class=\"vc_row-full-width vc_clearfix\"><\/div><div class=\"vc_row wpb_row vc_row-fluid\"><div class=\"wpb_column vc_column_container vc_col-sm-12\"><div class=\"vc_column-inner\"><div class=\"wpb_wrapper\">\n\t<div class=\"woocommerce\">\n\t<div class=\"gg_products_grid\">\n\t<div class=\"clearfix\"><\/div><ul  class=\"el-grid no_magnific products row\" data-layout-mode=\"fitRows\" data-pagination=\"\">\n\t<li class=\"isotope-item product col-xs-12 col-sm-6 col-md-4 grid-cat-vins\">\n\t\r\n\r\n<a href=\"https:\/\/esteldargent.com\/es\/producto\/vi-rosat-jove-tradicional-estel-dargent\/\" class=\"woocommerce-LoopProduct-link woocommerce-loop-product__link\"><h2 class=\"woocommerce-loop-product__title\">VINO ROS\u00c9 JOVEN TRADICIONAL \u00b7<br\/> ESTEL D\u2019ARGENT<\/h2><div class=\"gg-product-image-wrapper\"><img width=\"591\" height=\"1137\" src=\"https:\/\/esteldargent.com\/wp-content\/uploads\/2023\/09\/VI-ROSAT-JOVE-TRADICIONAL-1.png\" class=\"attachment-woocommerce_thumbnail size-woocommerce_thumbnail\" alt=\"\" decoding=\"async\" loading=\"lazy\" srcset=\"https:\/\/esteldargent.com\/wp-content\/uploads\/2023\/09\/VI-ROSAT-JOVE-TRADICIONAL-1.png 591w, https:\/\/esteldargent.com\/wp-content\/uploads\/2023\/09\/VI-ROSAT-JOVE-TRADICIONAL-1-156x300.png 156w, https:\/\/esteldargent.com\/wp-content\/uploads\/2023\/09\/VI-ROSAT-JOVE-TRADICIONAL-1-532x1024.png 532w\" sizes=\"(max-width: 591px) 100vw, 591px\" \/><\/div><\/a><div class=\"gg-product-meta-wrapper\">\r\n\r\n<dl>\r\n    \r\n    <\/dl>\r\n<\/div>\n\t<\/li>\n\t<li class=\"isotope-item product col-xs-12 col-sm-6 col-md-4 grid-cat-vins\">\n\t\r\n\r\n<a href=\"https:\/\/esteldargent.com\/es\/producto\/vi-blanc-jove-tradicional-%c2%b7-estel-dargent\/\" class=\"woocommerce-LoopProduct-link woocommerce-loop-product__link\"><h2 class=\"woocommerce-loop-product__title\">VINO BLANCO JOVEN TRADICIONAL \u00b7<br\/> ESTEL D\u2019ARGENT<\/h2><div class=\"gg-product-image-wrapper\"><img width=\"591\" height=\"1137\" src=\"https:\/\/esteldargent.com\/wp-content\/uploads\/2023\/09\/VI-BLANC-CRIANCA-SUSQUVAT-1.png\" class=\"attachment-woocommerce_thumbnail size-woocommerce_thumbnail\" alt=\"\" decoding=\"async\" loading=\"lazy\" srcset=\"https:\/\/esteldargent.com\/wp-content\/uploads\/2023\/09\/VI-BLANC-CRIANCA-SUSQUVAT-1.png 591w, https:\/\/esteldargent.com\/wp-content\/uploads\/2023\/09\/VI-BLANC-CRIANCA-SUSQUVAT-1-156x300.png 156w, https:\/\/esteldargent.com\/wp-content\/uploads\/2023\/09\/VI-BLANC-CRIANCA-SUSQUVAT-1-532x1024.png 532w\" sizes=\"(max-width: 591px) 100vw, 591px\" \/><\/div><\/a><div class=\"gg-product-meta-wrapper\">\r\n\r\n<dl>\r\n    \r\n    <\/dl>\r\n<\/div>\n\t<\/li>\n\t<li class=\"isotope-item product col-xs-12 col-sm-6 col-md-4 grid-cat-vins\">\n\t\r\n\r\n<a href=\"https:\/\/esteldargent.com\/es\/producto\/susquvat-%c2%b7-vi-blanc-crianca-xarel%c2%b7lo-100\/\" class=\"woocommerce-LoopProduct-link woocommerce-loop-product__link\"><h2 class=\"woocommerce-loop-product__title\">SUSQUVAT \u00b7<br\/> VINO BLANCO CRIANZA XAREL\u00b7LO 100 %<\/h2><div class=\"gg-product-image-wrapper\"><img width=\"591\" height=\"1137\" src=\"https:\/\/esteldargent.com\/wp-content\/uploads\/2023\/09\/VI-BLANC-CRIANCA-\u00b7-SUSQUVAT.png\" class=\"attachment-woocommerce_thumbnail size-woocommerce_thumbnail\" alt=\"\" decoding=\"async\" loading=\"lazy\" srcset=\"https:\/\/esteldargent.com\/wp-content\/uploads\/2023\/09\/VI-BLANC-CRIANCA-\u00b7-SUSQUVAT.png 591w, https:\/\/esteldargent.com\/wp-content\/uploads\/2023\/09\/VI-BLANC-CRIANCA-\u00b7-SUSQUVAT-156x300.png 156w, https:\/\/esteldargent.com\/wp-content\/uploads\/2023\/09\/VI-BLANC-CRIANCA-\u00b7-SUSQUVAT-532x1024.png 532w\" sizes=\"(max-width: 591px) 100vw, 591px\" \/><\/div><\/a><div class=\"gg-product-meta-wrapper\">\r\n\r\n<dl>\r\n    \r\n    <\/dl>\r\n<\/div>\n\t<\/li>\n\t<\/ul>\n\t<\/div>\n\t<\/div><\/div><\/div><\/div><\/div><div data-vc-full-width=\"true\" data-vc-full-width-init=\"false\" data-vc-stretch-content=\"true\" class=\"vc_row wpb_row vc_row-fluid vc_custom_1617302742710 reverse_columns_mobile vc_row-has-fill vc_row-no-padding vc_row-o-equal-height vc_row-o-content-middle vc_row-flex\"><div class=\"wpb_column vc_column_container vc_col-sm-5 vc_col-lg-4 vc_col-md-4 vc_col-has-fill\"><div class=\"vc_column-inner  vc_custom_1617358237740\"><div class=\"wpb_wrapper\">\n\t<div class=\"title-subtitle-box\" style=\" text-align: left;\">\n\t\t<p  style=\"\">Todas las variedades<\/p>\n\t\t<h2 style=\" font-style: normal;\">Los cavas<\/h2>\n\t<\/div> \n\t<div class=\"gg_list list_style_line\">\n<ul>\n<li>Brut Nature Reserva Estel d&#8217;Argent 37,5cl<\/li>\n<li>Brut Nature Reserva Estel d&#8217;Argent 75cl<\/li>\n<li>Brut Nature Rose Estel d\u2019Argent ECO 75cl<\/li>\n<li>Extra Brut Especial Reserva 75cl<\/li>\n<li>Extra Brut Especial Reserva 150cl<\/li>\n<li>Extra Brut Especial Gran Reserva 75cl<\/li>\n<li>Brut Nature Reserva ECO 75cl<\/li>\n<\/ul>\n<\/div><div class=\"vc_btn3-container vc_btn3-inline vc_custom_1702470949949\" ><a style=\"background-color:#000000; color:#ffffff;\" class=\"vc_general vc_btn3 vc_btn3-size-md vc_btn3-shape-square vc_btn3-style-custom\" href=\"https:\/\/esteldargent.com\/es\/vins-i-caves\/caves\/\" title=\"\">Cat\u00e1logo de cavas<\/a><\/div><\/div><\/div><\/div><div class=\"wpb_column vc_column_container vc_col-sm-7 vc_col-lg-8 vc_col-md-8\"><div class=\"vc_column-inner  vc_custom_1681206022056 vc_custom_1681206022057\"><div class=\"wpb_wrapper\">\n\t<div  class=\"wpb_single_image wpb_content_element vc_align_right   force-90-width-large-screen\">\n\t\t\n\t\t<figure class=\"wpb_wrapper vc_figure\">\n\t\t\t<div class=\"vc_single_image-wrapper   vc_box_border_grey\"><img width=\"807\" height=\"291\" src=\"https:\/\/esteldargent.com\/wp-content\/uploads\/2023\/09\/cava-ecologic-homepage.png\" class=\"vc_single_image-img attachment-full\" alt=\"\" decoding=\"async\" title=\"cava-ecologic-homepage\" loading=\"lazy\" srcset=\"https:\/\/esteldargent.com\/wp-content\/uploads\/2023\/09\/cava-ecologic-homepage.png 807w, https:\/\/esteldargent.com\/wp-content\/uploads\/2023\/09\/cava-ecologic-homepage-300x108.png 300w, https:\/\/esteldargent.com\/wp-content\/uploads\/2023\/09\/cava-ecologic-homepage-768x277.png 768w\" sizes=\"(max-width: 807px) 100vw, 807px\" \/><\/div>\n\t\t<\/figure>\n\t<\/div>\n<div class=\"vc_row wpb_row vc_inner vc_row-fluid\"><div class=\"wpb_column vc_column_container vc_col-sm-4\"><div class=\"vc_column-inner\"><div class=\"wpb_wrapper\">\n\t<div class=\"counter-holder media\" style=\"text-align:center;   \">\n\t\t\t<div class=\"counter-content media-body\">\n\t\t\t\t<span style=\" font-size:60px;\" class=\"counter\" data-number=\"7\" data-interval=\"100\" data-speed=\"1500\">7<\/span>\n\t\t\t\t<p >Variedades<\/p>\n\t\t\t<\/div>\n\t<\/div> <\/div><\/div><\/div><div class=\"wpb_column vc_column_container vc_col-sm-4\"><div class=\"vc_column-inner\"><div class=\"wpb_wrapper\">\n\t<div class=\"counter-holder media\" style=\"text-align:center;   \">\n\t\t\t<div class=\"counter-content media-body\">\n\t\t\t\t<span style=\" font-size:60px;\" class=\"counter\" data-number=\"12345\" data-interval=\"100\" data-speed=\"1500\">12345<\/span>\n\t\t\t\t<p >Cavas producidos<\/p>\n\t\t\t<\/div>\n\t<\/div> <\/div><\/div><\/div><div class=\"wpb_column vc_column_container vc_col-sm-4\"><div class=\"vc_column-inner\"><div class=\"wpb_wrapper\">\n\t<div class=\"counter-holder media\" style=\"text-align:center;   \">\n\t\t\t<div class=\"counter-content media-body\">\n\t\t\t\t<span style=\" font-size:60px;\" class=\"counter\" data-number=\"12\" data-interval=\"100\" data-speed=\"1500\">12<\/span>\n\t\t\t\t<p >RECONOCIMIENTOS<\/p>\n\t\t\t<\/div>\n\t<\/div> <\/div><\/div><\/div><\/div><\/div><\/div><\/div><\/div><div class=\"vc_row-full-width vc_clearfix\"><\/div><div class=\"vc_row wpb_row vc_row-fluid\"><div class=\"wpb_column vc_column_container vc_col-sm-12\"><div class=\"vc_column-inner\"><div class=\"wpb_wrapper\">\n\t<div class=\"woocommerce\">\n\t<div class=\"gg_products_grid\">\n\t<div class=\"clearfix\"><\/div><ul  class=\"el-grid no_magnific products row\" data-layout-mode=\"fitRows\" data-pagination=\"\">\n\t<li class=\"isotope-item product col-xs-12 col-sm-6 col-md-4 grid-cat-caves\">\n\t\r\n\r\n<a href=\"https:\/\/esteldargent.com\/es\/producto\/cava-extra-brut-especial%c2%b7-reserva\/\" class=\"woocommerce-LoopProduct-link woocommerce-loop-product__link\"><h2 class=\"woocommerce-loop-product__title\">CAVA EXTRA<br\/> BRUT ESPECIAL \u00b7<br\/> RESERVA<\/h2><div class=\"gg-product-image-wrapper\"><img width=\"591\" height=\"1417\" src=\"https:\/\/esteldargent.com\/wp-content\/uploads\/2023\/09\/CAVA-EXTRA-BRUT-ESPECIAL-\u00b7-RESERVA.png\" class=\"attachment-woocommerce_thumbnail size-woocommerce_thumbnail\" alt=\"\" decoding=\"async\" loading=\"lazy\" srcset=\"https:\/\/esteldargent.com\/wp-content\/uploads\/2023\/09\/CAVA-EXTRA-BRUT-ESPECIAL-\u00b7-RESERVA.png 591w, https:\/\/esteldargent.com\/wp-content\/uploads\/2023\/09\/CAVA-EXTRA-BRUT-ESPECIAL-\u00b7-RESERVA-125x300.png 125w, https:\/\/esteldargent.com\/wp-content\/uploads\/2023\/09\/CAVA-EXTRA-BRUT-ESPECIAL-\u00b7-RESERVA-427x1024.png 427w\" sizes=\"(max-width: 591px) 100vw, 591px\" \/><\/div><\/a><div class=\"gg-product-meta-wrapper\">\r\n\r\n<dl>\r\n    \r\n    <\/dl>\r\n<\/div>\n\t<\/li>\n\t<li class=\"isotope-item product col-xs-12 col-sm-6 col-md-4 grid-cat-caves\">\n\t\r\n\r\n<a href=\"https:\/\/esteldargent.com\/es\/producto\/cava-extra-brut-especial%c2%b7-gran-reserva\/\" class=\"woocommerce-LoopProduct-link woocommerce-loop-product__link\"><h2 class=\"woocommerce-loop-product__title\">CAVA EXTRA<br\/> BRUT ESPECIAL \u00b7<br\/> GRAN  RESERVA<\/h2><div class=\"gg-product-image-wrapper\"><img width=\"591\" height=\"1417\" src=\"https:\/\/esteldargent.com\/wp-content\/uploads\/2023\/09\/CAVA-ESTRA-BRUT-ESPECIAL-\u00b7-GRAN-RESERVA.png\" class=\"attachment-woocommerce_thumbnail size-woocommerce_thumbnail\" alt=\"\" decoding=\"async\" loading=\"lazy\" srcset=\"https:\/\/esteldargent.com\/wp-content\/uploads\/2023\/09\/CAVA-ESTRA-BRUT-ESPECIAL-\u00b7-GRAN-RESERVA.png 591w, https:\/\/esteldargent.com\/wp-content\/uploads\/2023\/09\/CAVA-ESTRA-BRUT-ESPECIAL-\u00b7-GRAN-RESERVA-125x300.png 125w, https:\/\/esteldargent.com\/wp-content\/uploads\/2023\/09\/CAVA-ESTRA-BRUT-ESPECIAL-\u00b7-GRAN-RESERVA-427x1024.png 427w\" sizes=\"(max-width: 591px) 100vw, 591px\" \/><\/div><\/a><div class=\"gg-product-meta-wrapper\">\r\n\r\n<dl>\r\n    \r\n    <\/dl>\r\n<\/div>\n\t<\/li>\n\t<li class=\"isotope-item product col-xs-12 col-sm-6 col-md-4 grid-cat-caves\">\n\t\r\n\r\n<a href=\"https:\/\/esteldargent.com\/es\/producto\/cava-brut-nature-ecologic-guarda-superior-%c2%b7-reserva-375cl\/\" class=\"woocommerce-LoopProduct-link woocommerce-loop-product__link\"><h2 class=\"woocommerce-loop-product__title\">CAVA BRUT NATURE ECOL\u00d3GICO 37.5 cl GUARDA SUPERIOR \u00b7 RESERVA<\/h2><div class=\"gg-product-image-wrapper\"><img width=\"1024\" height=\"2004\" src=\"https:\/\/esteldargent.com\/wp-content\/uploads\/2023\/09\/CAVA-ECOLOGIC-BRUT-NATURE-\u00b7-GRAN-RESERVA-\u00b7-GUARDA-SUPERIOR.png\" class=\"attachment-woocommerce_thumbnail size-woocommerce_thumbnail\" alt=\"\" decoding=\"async\" loading=\"lazy\" srcset=\"https:\/\/esteldargent.com\/wp-content\/uploads\/2023\/09\/CAVA-ECOLOGIC-BRUT-NATURE-\u00b7-GRAN-RESERVA-\u00b7-GUARDA-SUPERIOR.png 1024w, https:\/\/esteldargent.com\/wp-content\/uploads\/2023\/09\/CAVA-ECOLOGIC-BRUT-NATURE-\u00b7-GRAN-RESERVA-\u00b7-GUARDA-SUPERIOR-153x300.png 153w, https:\/\/esteldargent.com\/wp-content\/uploads\/2023\/09\/CAVA-ECOLOGIC-BRUT-NATURE-\u00b7-GRAN-RESERVA-\u00b7-GUARDA-SUPERIOR-523x1024.png 523w, https:\/\/esteldargent.com\/wp-content\/uploads\/2023\/09\/CAVA-ECOLOGIC-BRUT-NATURE-\u00b7-GRAN-RESERVA-\u00b7-GUARDA-SUPERIOR-768x1503.png 768w, https:\/\/esteldargent.com\/wp-content\/uploads\/2023\/09\/CAVA-ECOLOGIC-BRUT-NATURE-\u00b7-GRAN-RESERVA-\u00b7-GUARDA-SUPERIOR-785x1536.png 785w\" sizes=\"(max-width: 1024px) 100vw, 1024px\" \/><\/div><\/a><div class=\"gg-product-meta-wrapper\">\r\n\r\n<dl>\r\n    \r\n    <\/dl>\r\n<\/div>\n\t<\/li>\n\t<\/ul>\n\t<\/div>\n\t<\/div><\/div><\/div><\/div><\/div><div data-vc-full-width=\"true\" data-vc-full-width-init=\"false\" class=\"vc_row wpb_row vc_row-fluid center-text vc_custom_1694173085802 vc_row-has-fill vc_row-o-content-middle vc_row-flex\"><div class=\"wpb_column vc_column_container vc_col-sm-12 vc_col-lg-offset-3 vc_col-lg-6 vc_col-md-12\"><div class=\"vc_column-inner  vc_custom_1460548154083\"><div class=\"wpb_wrapper\">\n\t<div class=\"title-subtitle-box\" style=\" text-align: center;\">\n\t\t<p  style=\"\">Estel D'argent<\/p>\n\t\t<h1 style=\" font-style: normal;\">Desde el 2009, hemos elaborado una amplia variedad de vinos y cavas<\/h1>\n\t<\/div> <div class=\"vc_btn3-container vc_btn3-inline vc_custom_1694173116393\" ><a style=\"background-color:#b0976d; color:#ffffff;\" class=\"vc_general vc_btn3 vc_btn3-size-md vc_btn3-shape-square vc_btn3-style-custom\" href=\"https:\/\/esteldargent.com\/es\/galeria\/\" title=\"Galer\u00eda\">Galer\u00eda<\/a><\/div><div class=\"vc_btn3-container vc_btn3-inline vc_custom_1694173130040\" ><a style=\"background-color:#000000; color:#ffffff;\" class=\"vc_general vc_btn3 vc_btn3-size-md vc_btn3-shape-square vc_btn3-style-custom\" href=\"https:\/\/esteldargent.com\/es\/blog\/\" title=\"The estate\">Actualidad<\/a><\/div><\/div><\/div><\/div><\/div><div class=\"vc_row-full-width vc_clearfix\"><\/div><div data-vc-full-width=\"true\" data-vc-full-width-init=\"false\" class=\"vc_row wpb_row vc_row-fluid vc_custom_1702466452832 vc_row-has-fill vc_row-o-content-middle vc_row-flex\"><div class=\"wpb_column vc_column_container vc_col-sm-8\"><div class=\"vc_column-inner  vc_custom_1702465982696\"><div class=\"wpb_wrapper\">\n\t<div class=\"title-subtitle-box  vc_custom_1702466398302 vc_custom_1702466398303 vc_custom_1702466398303\" style=\" text-align: left;\">\n\t\t<p  style=\"\">Tel\u00e9fono \/ Whatsapp: 677 182 347<\/p>\n\t\t<h1 style=\" font-size:20px; line-height: normal; color:#ffffff;  font-style: normal;\">No dudes en ponerte en contacto con nosotros para cualquier consulta, sugerencia o comentario que puedas tener.<\/h1>\n\t<\/div> <\/div><\/div><\/div><div class=\"wpb_column vc_column_container vc_col-sm-4\"><div class=\"vc_column-inner\"><div class=\"wpb_wrapper\"><div class=\"vc_btn3-container vc_btn3-inline vc_custom_1702466383053\" ><a style=\"background-color:#b0976d; color:#ffffff;\" class=\"vc_general vc_btn3 vc_btn3-size-md vc_btn3-shape-square vc_btn3-style-custom\" href=\"https:\/\/esteldargent.com\/es\/contacte\/\" title=\"Contacto\">Contacto<\/a><\/div><\/div><\/div><\/div><\/div><div class=\"vc_row-full-width vc_clearfix\"><\/div>\n<\/section>","protected":false},"excerpt":{"rendered":"Ra\u00efm A partir de les varietats de ra\u00efm macabeu, xarel.lo i parellada de vinyes en conreu ecol\u00f2gic de m\u00e9s de 20 anys, veremades a m\u00e0, realitzem el premsat a baixa pressi\u00f3 i amb un temps acurat, i n\u2019obtenim un most flor de primera qualitat. Elaboraci\u00f3 del vi La fermentaci\u00f3 del most \u00e9s a baixa temperatura,<br class=\"read-more-spacer\"> <a class=\"more-link\" href=\"https:\/\/esteldargent.com\/es\/producto\/cava-brut-nature-ecologic-guarda-superior-%c2%b7-reserva-375cl\/\">Read More<\/a>","protected":false},"author":1,"featured_media":0,"parent":0,"menu_order":0,"comment_status":"closed","ping_status":"closed","template":"","meta":{"footnotes":""},"acf":[],"_links":{"self":[{"href":"https:\/\/esteldargent.com\/es\/wp-json\/wp\/v2\/pages\/193"}],"collection":[{"href":"https:\/\/esteldargent.com\/es\/wp-json\/wp\/v2\/pages"}],"about":[{"href":"https:\/\/esteldargent.com\/es\/wp-json\/wp\/v2\/types\/page"}],"author":[{"embeddable":true,"href":"https:\/\/esteldargent.com\/es\/wp-json\/wp\/v2\/users\/1"}],"replies":[{"embeddable":true,"href":"https:\/\/esteldargent.com\/es\/wp-json\/wp\/v2\/comments?post=193"}],"version-history":[{"count":56,"href":"https:\/\/esteldargent.com\/es\/wp-json\/wp\/v2\/pages\/193\/revisions"}],"predecessor-version":[{"id":2764,"href":"https:\/\/esteldargent.com\/es\/wp-json\/wp\/v2\/pages\/193\/revisions\/2764"}],"wp:attachment":[{"href":"https:\/\/esteldargent.com\/es\/wp-json\/wp\/v2\/media?parent=193"}],"curies":[{"name":"wp","href":"https:\/\/api.w.org\/{rel}","templated":true}]}}