{"id":187,"date":"2016-03-10T09:22:23","date_gmt":"2016-03-10T09:22:23","guid":{"rendered":"http:\/\/okthemes.com\/villenoirdemonew\/?page_id=187"},"modified":"2023-12-14T11:00:25","modified_gmt":"2023-12-14T10:00:25","slug":"vins","status":"publish","type":"page","link":"https:\/\/esteldargent.com\/es\/vins-i-caves\/vins\/","title":{"rendered":"Vinos"},"content":{"rendered":"<section class=\"wpb-content-wrapper\"><div class=\"vc_row wpb_row vc_row-fluid\"><div class=\"wpb_column vc_column_container vc_col-sm-12\"><div class=\"vc_column-inner\"><div class=\"wpb_wrapper\">\n\t<div class=\"woocommerce\">\n\t<div class=\"gg_products_grid\">\n\t<div class=\"clearfix\"><\/div><ul  class=\"el-grid no_magnific products row\" data-layout-mode=\"masonry\" data-pagination=\"\">\n\t<li class=\"isotope-item product col-xs-12 col-sm-6 col-md-4 grid-cat-vins\">\n\t\r\n\r\n<a href=\"https:\/\/esteldargent.com\/es\/producto\/susquvat-%c2%b7-vi-blanc-crianca-xarel%c2%b7lo-100\/\" class=\"woocommerce-LoopProduct-link woocommerce-loop-product__link\"><h2 class=\"woocommerce-loop-product__title\">SUSQUVAT \u00b7<br\/> VINO BLANCO CRIANZA XAREL\u00b7LO 100 %<\/h2><div class=\"gg-product-image-wrapper\"><img width=\"591\" height=\"1137\" src=\"https:\/\/esteldargent.com\/wp-content\/uploads\/2023\/09\/VI-BLANC-CRIANCA-\u00b7-SUSQUVAT.png\" class=\"attachment-woocommerce_thumbnail size-woocommerce_thumbnail\" alt=\"\" decoding=\"async\" loading=\"lazy\" srcset=\"https:\/\/esteldargent.com\/wp-content\/uploads\/2023\/09\/VI-BLANC-CRIANCA-\u00b7-SUSQUVAT.png 591w, https:\/\/esteldargent.com\/wp-content\/uploads\/2023\/09\/VI-BLANC-CRIANCA-\u00b7-SUSQUVAT-156x300.png 156w, https:\/\/esteldargent.com\/wp-content\/uploads\/2023\/09\/VI-BLANC-CRIANCA-\u00b7-SUSQUVAT-532x1024.png 532w\" sizes=\"(max-width: 591px) 100vw, 591px\" \/><\/div><\/a><div class=\"gg-product-meta-wrapper\">\r\n\r\n<dl>\r\n    \r\n    <\/dl>\r\n<\/div>\n\t<\/li>\n\t<li class=\"isotope-item product col-xs-12 col-sm-6 col-md-4 grid-cat-vins\">\n\t\r\n\r\n<a href=\"https:\/\/esteldargent.com\/es\/producto\/vi-blanc-jove-tradicional-%c2%b7-estel-dargent\/\" class=\"woocommerce-LoopProduct-link woocommerce-loop-product__link\"><h2 class=\"woocommerce-loop-product__title\">VINO BLANCO JOVEN TRADICIONAL \u00b7<br\/> ESTEL D\u2019ARGENT<\/h2><div class=\"gg-product-image-wrapper\"><img width=\"591\" height=\"1137\" src=\"https:\/\/esteldargent.com\/wp-content\/uploads\/2023\/09\/VI-BLANC-CRIANCA-SUSQUVAT-1.png\" class=\"attachment-woocommerce_thumbnail size-woocommerce_thumbnail\" alt=\"\" decoding=\"async\" loading=\"lazy\" srcset=\"https:\/\/esteldargent.com\/wp-content\/uploads\/2023\/09\/VI-BLANC-CRIANCA-SUSQUVAT-1.png 591w, https:\/\/esteldargent.com\/wp-content\/uploads\/2023\/09\/VI-BLANC-CRIANCA-SUSQUVAT-1-156x300.png 156w, https:\/\/esteldargent.com\/wp-content\/uploads\/2023\/09\/VI-BLANC-CRIANCA-SUSQUVAT-1-532x1024.png 532w\" sizes=\"(max-width: 591px) 100vw, 591px\" \/><\/div><\/a><div class=\"gg-product-meta-wrapper\">\r\n\r\n<dl>\r\n    \r\n    <\/dl>\r\n<\/div>\n\t<\/li>\n\t<li class=\"isotope-item product col-xs-12 col-sm-6 col-md-4 grid-cat-vins\">\n\t\r\n\r\n<a href=\"https:\/\/esteldargent.com\/es\/producto\/vi-negre-tradicional-estel-dargent\/\" class=\"woocommerce-LoopProduct-link woocommerce-loop-product__link\"><h2 class=\"woocommerce-loop-product__title\">VINO TINTO TRADICIONAL \u00b7 ESTEL D\u2019ARGENT<\/h2><div class=\"gg-product-image-wrapper\"><img width=\"591\" height=\"1137\" src=\"https:\/\/esteldargent.com\/wp-content\/uploads\/2023\/09\/VI-BLANC-CRIANCA-SUSQUVAT.png\" class=\"attachment-woocommerce_thumbnail size-woocommerce_thumbnail\" alt=\"\" decoding=\"async\" loading=\"lazy\" srcset=\"https:\/\/esteldargent.com\/wp-content\/uploads\/2023\/09\/VI-BLANC-CRIANCA-SUSQUVAT.png 591w, https:\/\/esteldargent.com\/wp-content\/uploads\/2023\/09\/VI-BLANC-CRIANCA-SUSQUVAT-156x300.png 156w, https:\/\/esteldargent.com\/wp-content\/uploads\/2023\/09\/VI-BLANC-CRIANCA-SUSQUVAT-532x1024.png 532w\" sizes=\"(max-width: 591px) 100vw, 591px\" \/><\/div><\/a><div class=\"gg-product-meta-wrapper\">\r\n\r\n<dl>\r\n    \r\n    <\/dl>\r\n<\/div>\n\t<\/li>\n\t<li class=\"isotope-item product col-xs-12 col-sm-6 col-md-4 grid-cat-vins\">\n\t\r\n\r\n<a href=\"https:\/\/esteldargent.com\/es\/producto\/vi-rosat-jove-tradicional-estel-dargent\/\" class=\"woocommerce-LoopProduct-link woocommerce-loop-product__link\"><h2 class=\"woocommerce-loop-product__title\">VINO ROS\u00c9 JOVEN TRADICIONAL \u00b7<br\/> ESTEL D\u2019ARGENT<\/h2><div class=\"gg-product-image-wrapper\"><img width=\"591\" height=\"1137\" src=\"https:\/\/esteldargent.com\/wp-content\/uploads\/2023\/09\/VI-ROSAT-JOVE-TRADICIONAL-1.png\" class=\"attachment-woocommerce_thumbnail size-woocommerce_thumbnail\" alt=\"\" decoding=\"async\" loading=\"lazy\" srcset=\"https:\/\/esteldargent.com\/wp-content\/uploads\/2023\/09\/VI-ROSAT-JOVE-TRADICIONAL-1.png 591w, https:\/\/esteldargent.com\/wp-content\/uploads\/2023\/09\/VI-ROSAT-JOVE-TRADICIONAL-1-156x300.png 156w, https:\/\/esteldargent.com\/wp-content\/uploads\/2023\/09\/VI-ROSAT-JOVE-TRADICIONAL-1-532x1024.png 532w\" sizes=\"(max-width: 591px) 100vw, 591px\" \/><\/div><\/a><div class=\"gg-product-meta-wrapper\">\r\n\r\n<dl>\r\n    \r\n    <\/dl>\r\n<\/div>\n\t<\/li>\n\t<\/ul>\n\t<\/div>\n\t<\/div><\/div><\/div><\/div><\/div><div data-vc-full-width=\"true\" data-vc-full-width-init=\"false\" class=\"vc_row wpb_row vc_row-fluid vc_custom_1702466452832 vc_row-has-fill vc_row-o-content-middle vc_row-flex\"><div class=\"wpb_column vc_column_container vc_col-sm-8\"><div class=\"vc_column-inner  vc_custom_1702465982696\"><div class=\"wpb_wrapper\">\n\t<div class=\"title-subtitle-box  vc_custom_1702466398302 vc_custom_1702466398303 vc_custom_1702466398303\" style=\" text-align: left;\">\n\t\t<p  style=\"\">Tel\u00e9fono \/ Whatsapp: 677 182 347<\/p>\n\t\t<h1 style=\" font-size:20px; line-height: normal; color:#ffffff;  font-style: normal;\">No dudes en ponerte en contacto con nosotros para cualquier consulta, sugerencia o comentario que puedas tener.<\/h1>\n\t<\/div> <\/div><\/div><\/div><div class=\"wpb_column vc_column_container vc_col-sm-4\"><div class=\"vc_column-inner\"><div class=\"wpb_wrapper\"><div class=\"vc_btn3-container vc_btn3-inline vc_custom_1702466383053\" ><a style=\"background-color:#b0976d; color:#ffffff;\" class=\"vc_general vc_btn3 vc_btn3-size-md vc_btn3-shape-square vc_btn3-style-custom\" href=\"https:\/\/esteldargent.com\/es\/contacte\/\" title=\"Contacto\">Contacto<\/a><\/div><\/div><\/div><\/div><\/div><div class=\"vc_row-full-width vc_clearfix\"><\/div>\n<\/section>","protected":false},"excerpt":{"rendered":"Ra\u00efm \u00c9s un vi jove, gol\u00f3s i singular. Les varietats de ra\u00efm per elaborar aquest vi s\u00f3n el merlot i el cabernet sauvignon. S\u00f3n varietats que fa molts anys es cultiven al Pened\u00e8s i s\u2019han adaptat molt b\u00e9 al nostre terrer. El merlot li dona sedositat i el cabernet, aromes peculiars. Elaboraci\u00f3 del vi Veremem<br class=\"read-more-spacer\"> <a class=\"more-link\" href=\"https:\/\/esteldargent.com\/es\/producto\/vi-rosat-jove-tradicional-estel-dargent\/\">Read More<\/a>","protected":false},"author":1,"featured_media":640,"parent":375,"menu_order":0,"comment_status":"closed","ping_status":"closed","template":"","meta":{"footnotes":""},"acf":[],"_links":{"self":[{"href":"https:\/\/esteldargent.com\/es\/wp-json\/wp\/v2\/pages\/187"}],"collection":[{"href":"https:\/\/esteldargent.com\/es\/wp-json\/wp\/v2\/pages"}],"about":[{"href":"https:\/\/esteldargent.com\/es\/wp-json\/wp\/v2\/types\/page"}],"author":[{"embeddable":true,"href":"https:\/\/esteldargent.com\/es\/wp-json\/wp\/v2\/users\/1"}],"replies":[{"embeddable":true,"href":"https:\/\/esteldargent.com\/es\/wp-json\/wp\/v2\/comments?post=187"}],"version-history":[{"count":13,"href":"https:\/\/esteldargent.com\/es\/wp-json\/wp\/v2\/pages\/187\/revisions"}],"predecessor-version":[{"id":3102,"href":"https:\/\/esteldargent.com\/es\/wp-json\/wp\/v2\/pages\/187\/revisions\/3102"}],"up":[{"embeddable":true,"href":"https:\/\/esteldargent.com\/es\/wp-json\/wp\/v2\/pages\/375"}],"wp:featuredmedia":[{"embeddable":true,"href":"https:\/\/esteldargent.com\/es\/wp-json\/wp\/v2\/media\/640"}],"wp:attachment":[{"href":"https:\/\/esteldargent.com\/es\/wp-json\/wp\/v2\/media?parent=187"}],"curies":[{"name":"wp","href":"https:\/\/api.w.org\/{rel}","templated":true}]}}